{"id":233,"date":"2026-01-16T10:02:21","date_gmt":"2026-01-16T10:02:21","guid":{"rendered":"https:\/\/alterun.fr\/?page_id=233"},"modified":"2026-01-16T11:10:55","modified_gmt":"2026-01-16T11:10:55","slug":"a-propos-2","status":"publish","type":"page","link":"https:\/\/alterun.fr\/?page_id=233","title":{"rendered":"A propos"},"content":{"rendered":"\n<p><\/p>\n\n\n\n<h2 class=\"wp-block-heading\">\u00c0 propos d\u2019Alterun<\/h2>\n\n\n\n<p>Alterun accompagne les entreprises dans l\u2019un des moments les plus sensibles de leur organisation :<br>la <strong>prise de r\u00f4le manag\u00e9riale<\/strong>.<\/p>\n\n\n\n<p>Nous partons d\u2019un constat simple :<br>les promotions manag\u00e9riales reposent souvent sur la performance pass\u00e9e, alors que le management est un <strong>changement de fonction<\/strong>, pas une mont\u00e9e en comp\u00e9tences progressive.<br>Sans cadre structur\u00e9, ce moment cl\u00e9 devient un <strong>risque business<\/strong>.<\/p>\n\n\n\n<p>Alterun est n\u00e9 de l\u2019exp\u00e9rience du terrain.<br>Nos accompagnements s\u2019appuient sur des situations r\u00e9elles de management, de pilotage d\u2019\u00e9quipes et de performance, dans des environnements exigeants et en forte pression op\u00e9rationnelle.<\/p>\n\n\n\n<p>Nous n\u2019avons pas vocation \u00e0 \u201cformer au management\u201d au sens classique.<br>Nous aidons les managers \u00e0 <strong>tenir leur r\u00f4le<\/strong>, \u00e0 <strong>prendre des d\u00e9cisions<\/strong>, et \u00e0 <strong>structurer leur action<\/strong> d\u00e8s les premiers mois, sans perturber l\u2019existant.<\/p>\n\n\n\n<p>Notre approche est volontairement :<\/p>\n\n\n\n<ul class=\"wp-block-list\">\n<li>courte et cibl\u00e9e<\/li>\n\n\n\n<li>orient\u00e9e r\u00e9sultats<\/li>\n\n\n\n<li>align\u00e9e avec les enjeux des dirigeants<\/li>\n<\/ul>\n\n\n\n<p>Chaque accompagnement vise un objectif clair :<br><strong>s\u00e9curiser la transition manag\u00e9riale et rendre le manager autonome, cr\u00e9dible et efficace dans la dur\u00e9e.<\/strong><\/p>\n","protected":false},"excerpt":{"rendered":"<p>\u00c0 propos d\u2019Alterun Alterun accompagne les entreprises dans l\u2019un des moments les plus sensibles de leur organisation :la prise de [&hellip;]<\/p>\n","protected":false},"author":1,"featured_media":0,"parent":0,"menu_order":4,"comment_status":"closed","ping_status":"closed","template":"","meta":{"site-sidebar-layout":"default","site-content-layout":"","ast-site-content-layout":"default","site-content-style":"default","site-sidebar-style":"default","ast-global-header-display":"","ast-banner-title-visibility":"","ast-main-header-display":"","ast-hfb-above-header-display":"","ast-hfb-below-header-display":"","ast-hfb-mobile-header-display":"","site-post-title":"disabled","ast-breadcrumbs-content":"","ast-featured-img":"","footer-sml-layout":"","theme-transparent-header-meta":"","adv-header-id-meta":"","stick-header-meta":"","header-above-stick-meta":"","header-main-stick-meta":"","header-below-stick-meta":"","astra-migrate-meta-layouts":"default","ast-page-background-enabled":"default","ast-page-background-meta":{"desktop":{"background-color":"var(--ast-global-color-5)","background-image":"","background-repeat":"repeat","background-position":"center center","background-size":"auto","background-attachment":"scroll","background-type":"","background-media":"","overlay-type":"","overlay-color":"","overlay-opacity":"","overlay-gradient":""},"tablet":{"background-color":"","background-image":"","background-repeat":"repeat","background-position":"center center","background-size":"auto","background-attachment":"scroll","background-type":"","background-media":"","overlay-type":"","overlay-color":"","overlay-opacity":"","overlay-gradient":""},"mobile":{"background-color":"","background-image":"","background-repeat":"repeat","background-position":"center center","background-size":"auto","background-attachment":"scroll","background-type":"","background-media":"","overlay-type":"","overlay-color":"","overlay-opacity":"","overlay-gradient":""}},"ast-content-background-meta":{"desktop":{"background-color":"var(--ast-global-color-4)","background-image":"","background-repeat":"repeat","background-position":"center center","background-size":"auto","background-attachment":"scroll","background-type":"","background-media":"","overlay-type":"","overlay-color":"","overlay-opacity":"","overlay-gradient":""},"tablet":{"background-color":"var(--ast-global-color-4)","background-image":"","background-repeat":"repeat","background-position":"center center","background-size":"auto","background-attachment":"scroll","background-type":"","background-media":"","overlay-type":"","overlay-color":"","overlay-opacity":"","overlay-gradient":""},"mobile":{"background-color":"var(--ast-global-color-4)","background-image":"","background-repeat":"repeat","background-position":"center center","background-size":"auto","background-attachment":"scroll","background-type":"","background-media":"","overlay-type":"","overlay-color":"","overlay-opacity":"","overlay-gradient":""}},"_kadence_starter_templates_imported_post":false,"footnotes":""},"class_list":["post-233","page","type-page","status-publish","hentry"],"_links":{"self":[{"href":"https:\/\/alterun.fr\/index.php?rest_route=\/wp\/v2\/pages\/233","targetHints":{"allow":["GET"]}}],"collection":[{"href":"https:\/\/alterun.fr\/index.php?rest_route=\/wp\/v2\/pages"}],"about":[{"href":"https:\/\/alterun.fr\/index.php?rest_route=\/wp\/v2\/types\/page"}],"author":[{"embeddable":true,"href":"https:\/\/alterun.fr\/index.php?rest_route=\/wp\/v2\/users\/1"}],"replies":[{"embeddable":true,"href":"https:\/\/alterun.fr\/index.php?rest_route=%2Fwp%2Fv2%2Fcomments&post=233"}],"version-history":[{"count":3,"href":"https:\/\/alterun.fr\/index.php?rest_route=\/wp\/v2\/pages\/233\/revisions"}],"predecessor-version":[{"id":249,"href":"https:\/\/alterun.fr\/index.php?rest_route=\/wp\/v2\/pages\/233\/revisions\/249"}],"wp:attachment":[{"href":"https:\/\/alterun.fr\/index.php?rest_route=%2Fwp%2Fv2%2Fmedia&parent=233"}],"curies":[{"name":"wp","href":"https:\/\/api.w.org\/{rel}","templated":true}]}}