{"id":9,"date":"2025-11-13T12:20:44","date_gmt":"2025-11-13T12:20:44","guid":{"rendered":"https:\/\/alterun.fr\/?page_id=9"},"modified":"2026-01-16T13:36:07","modified_gmt":"2026-01-16T13:36:07","slug":"accueil","status":"publish","type":"page","link":"https:\/\/alterun.fr\/?page_id=9","title":{"rendered":"Passer Manager en 90 jours"},"content":{"rendered":"\n<div class=\"wp-block-media-text has-media-on-the-right is-stacked-on-mobile\"><div class=\"wp-block-media-text__content\">\n<h1 class=\"wp-block-heading\"><strong>Passer Manager en 90 jours<\/strong> <\/h1>\n\n\n\n<p><strong>Structurer sa posture, ses rituels et son pilotage pour prendre un r\u00f4le de manager sans improviser.<\/strong><\/p>\n\n\n\n<p>Un parcours accompagn\u00e9 pour les commerciaux et nouveaux managers qui veulent \u00eatre cr\u00e9dibles, structur\u00e9s et pr\u00eats quand une opportunit\u00e9 se pr\u00e9sente <\/p>\n\n\n\n<div class=\"wp-block-buttons is-layout-flex wp-block-buttons-is-layout-flex\">\n<div class=\"wp-block-button\"><a class=\"wp-block-button__link wp-element-button\">Je demande le programme complet<\/a><\/div>\n<\/div>\n<\/div><figure class=\"wp-block-media-text__media\"><img loading=\"lazy\" decoding=\"async\" width=\"1024\" height=\"683\" src=\"https:\/\/alterun.fr\/wp-content\/uploads\/2026\/01\/ChatGPT-Image-16-janv.-2026-11_08_28-1024x683.png\" alt=\"\" class=\"wp-image-242 size-full\" srcset=\"https:\/\/alterun.fr\/wp-content\/uploads\/2026\/01\/ChatGPT-Image-16-janv.-2026-11_08_28-1024x683.png 1024w, https:\/\/alterun.fr\/wp-content\/uploads\/2026\/01\/ChatGPT-Image-16-janv.-2026-11_08_28-300x200.png 300w, https:\/\/alterun.fr\/wp-content\/uploads\/2026\/01\/ChatGPT-Image-16-janv.-2026-11_08_28-768x512.png 768w, https:\/\/alterun.fr\/wp-content\/uploads\/2026\/01\/ChatGPT-Image-16-janv.-2026-11_08_28.png 1536w\" sizes=\"auto, (max-width: 1024px) 100vw, 1024px\" \/><\/figure><\/div>\n\n\n\n<h2 class=\"wp-block-heading\"><strong>\u00c0 QUI S\u2019ADRESSE LE PARCOURS<\/strong><\/h2>\n\n\n\n<p>Ce parcours s\u2019adresse \u00e0 vous si :<\/p>\n\n\n\n<ul class=\"wp-block-list\">\n<li>Vous \u00eates commercial exp\u00e9riment\u00e9 et vous souhaitez \u00e9voluer vers le management<\/li>\n\n\n\n<li>Vous \u00eates r\u00e9cemment devenu manager et vous sentez que vous improvisez encore<\/li>\n\n\n\n<li>Vous avez de bons r\u00e9sultats individuels, mais peu de cadre manag\u00e9rial<\/li>\n\n\n\n<li>Vous voulez arr\u00eater de fonctionner \u201cau feeling\u201d<\/li>\n<\/ul>\n\n\n\n<div class=\"wp-block-columns is-layout-flex wp-container-core-columns-is-layout-28f84493 wp-block-columns-is-layout-flex\">\n<div class=\"wp-block-column is-layout-flow wp-block-column-is-layout-flow\">\n<figure class=\"wp-block-image size-full is-resized\"><img loading=\"lazy\" decoding=\"async\" width=\"292\" height=\"509\" src=\"http:\/\/alterun.fr\/wp-content\/uploads\/2025\/11\/Capture-decran-2026-01-15-141233-1.png22-1.png\" alt=\"sch\u00e9ma\" class=\"wp-image-154\" style=\"aspect-ratio:0.5736607828089025;width:259px;height:auto\" srcset=\"https:\/\/alterun.fr\/wp-content\/uploads\/2025\/11\/Capture-decran-2026-01-15-141233-1.png22-1.png 292w, https:\/\/alterun.fr\/wp-content\/uploads\/2025\/11\/Capture-decran-2026-01-15-141233-1.png22-1-172x300.png 172w\" sizes=\"auto, (max-width: 292px) 100vw, 292px\" \/><\/figure>\n<\/div>\n\n\n\n<div class=\"wp-block-column is-layout-flow wp-block-column-is-layout-flow\">\n<p><strong>PROBL\u00c8ME <\/strong><\/p>\n\n\n\n<p>La majorit\u00e9 des promotions manag\u00e9riales \u00e9chouent pour une raison simple :<br>on promeut des commerciaux performants sans leur donner de m\u00e9thode.<\/p>\n\n\n\n<p>R\u00e9sultats :<\/p>\n\n\n\n<ul class=\"wp-block-list\">\n<li>Managers d\u00e9bord\u00e9s<\/li>\n\n\n\n<li>Micro-management<\/li>\n\n\n\n<li>Perte de performance collective<\/li>\n\n\n\n<li>Talents qui se grillent<\/li>\n<\/ul>\n\n\n\n<p>Le probl\u00e8me n\u2019est pas le niveau en vente.<br>Le probl\u00e8me, c\u2019est l\u2019absence de structure manag\u00e9riale.<\/p>\n<\/div>\n\n\n\n<div class=\"wp-block-column is-layout-flow wp-block-column-is-layout-flow\">\n<p><strong>LA SOLUTION : LE PARCOURS 90 JOURS<\/strong><\/p>\n\n\n\n<p>Le Parcours Passer Manager \u2013 90 jours vous donne un cadre clair pour structurer votre r\u00f4le, vos d\u00e9cisions et votre pilotage.<\/p>\n\n\n\n<p>Ce n\u2019est pas une formation th\u00e9orique.<br>C\u2019est un&nbsp;<strong>parcours accompagn\u00e9<\/strong>, orient\u00e9 terrain.<\/p>\n\n\n\n<p><\/p>\n<\/div>\n<\/div>\n\n\n\n<h1 class=\"wp-block-heading\"><strong>Parlons de vos enjeux manag\u00e9riaux<\/strong><\/h1>\n\n\n\n<p>Un premier \u00e9change pour comprendre votre contexte et voir comment Alterun peut vous accompagner.<\/p>\n\n\n\n<div class=\"wp-block-media-text is-stacked-on-mobile\"><figure class=\"wp-block-media-text__media\"><img loading=\"lazy\" decoding=\"async\" width=\"1024\" height=\"683\" src=\"https:\/\/alterun.fr\/wp-content\/uploads\/2025\/11\/ChatGPT-Image-15-janv.-2026-15_36_14-1024x683.png\" alt=\"\" class=\"wp-image-167 size-full\" srcset=\"https:\/\/alterun.fr\/wp-content\/uploads\/2025\/11\/ChatGPT-Image-15-janv.-2026-15_36_14-1024x683.png 1024w, https:\/\/alterun.fr\/wp-content\/uploads\/2025\/11\/ChatGPT-Image-15-janv.-2026-15_36_14-300x200.png 300w, https:\/\/alterun.fr\/wp-content\/uploads\/2025\/11\/ChatGPT-Image-15-janv.-2026-15_36_14-768x512.png 768w, https:\/\/alterun.fr\/wp-content\/uploads\/2025\/11\/ChatGPT-Image-15-janv.-2026-15_36_14.png 1536w\" sizes=\"auto, (max-width: 1024px) 100vw, 1024px\" \/><\/figure><div class=\"wp-block-media-text__content\">\n<div class=\"forminator-guttenberg\"><div class=\"forminator-ui forminator-custom-form forminator-custom-form-163 forminator-design--default  forminator_ajax\" data-forminator-render=\"0\" data-form=\"forminator-module-163\" data-uid=\"69d10b569f2b3\"><br\/><\/div><form\n\t\t\t\tid=\"forminator-module-163\"\n\t\t\t\tclass=\"forminator-ui forminator-custom-form forminator-custom-form-163 forminator-design--default  forminator_ajax\"\n\t\t\t\tmethod=\"post\"\n\t\t\t\tdata-forminator-render=\"0\"\n\t\t\t\tdata-form-id=\"163\"\n\t\t\t\t data-color-option=\"theme\" data-design=\"default\" data-grid=\"open\" style=\"display: none;\"\n\t\t\t\tdata-uid=\"69d10b569f2b3\"\n\t\t\t><div role=\"alert\" aria-live=\"polite\" class=\"forminator-response-message forminator-error\" aria-hidden=\"true\"><\/div><div class=\"forminator-row\"><div id=\"name-1\" class=\"forminator-field-name forminator-col forminator-col-12 \"><div class=\"forminator-field\"><label for=\"forminator-field-name-1_69d10b569f2b3\" id=\"forminator-field-name-1_69d10b569f2b3-label\" class=\"forminator-label\">Nom<\/label><input type=\"text\" name=\"name-1\" value=\"\" placeholder=\"\" id=\"forminator-field-name-1_69d10b569f2b3\" class=\"forminator-input forminator-name--field\" aria-required=\"false\" autocomplete=\"name\" \/><\/div><\/div><\/div><div class=\"forminator-row\"><div id=\"phone-1\" class=\"forminator-field-phone forminator-col forminator-col-6 \"><div class=\"forminator-field\"><label for=\"forminator-field-phone-1_69d10b569f2b3\" id=\"forminator-field-phone-1_69d10b569f2b3-label\" class=\"forminator-label\">T\u00e9l\u00e9phone<\/label><input type=\"text\" name=\"phone-1\" value=\"\" placeholder=\"\" id=\"forminator-field-phone-1_69d10b569f2b3\" class=\"forminator-input forminator-field--phone\" data-required=\"\" aria-required=\"false\" autocomplete=\"off\" \/><\/div><\/div><div id=\"email-1\" class=\"forminator-field-email forminator-col forminator-col-6 \"><div class=\"forminator-field\"><label for=\"forminator-field-email-1_69d10b569f2b3\" id=\"forminator-field-email-1_69d10b569f2b3-label\" class=\"forminator-label\">Mail<\/label><input type=\"email\" name=\"email-1\" value=\"\" placeholder=\"\" id=\"forminator-field-email-1_69d10b569f2b3\" class=\"forminator-input forminator-email--field\" data-required=\"\" aria-required=\"false\" autocomplete=\"email\" \/><\/div><\/div><\/div><input type=\"hidden\" name=\"referer_url\" value=\"\" \/><div class=\"forminator-row forminator-row-last\"><div class=\"forminator-col\"><div class=\"forminator-field\"><button class=\"forminator-button forminator-button-submit\">Envoyer<\/button><\/div><\/div><\/div><input type=\"hidden\" id=\"forminator_nonce\" name=\"forminator_nonce\" value=\"1e6089a144\" \/><input type=\"hidden\" name=\"_wp_http_referer\" value=\"\/index.php?rest_route=%2Fwp%2Fv2%2Fpages%2F9\" \/><input type=\"hidden\" name=\"form_id\" value=\"163\"><input type=\"hidden\" name=\"page_id\" value=\"9\"><input type=\"hidden\" name=\"form_type\" value=\"default\"><input type=\"hidden\" name=\"current_url\" value=\"https:\/\/alterun.fr\/?page_id=9\"><input type=\"hidden\" name=\"render_id\" value=\"0\"><input type=\"hidden\" name=\"action\" value=\"forminator_submit_form_custom-forms\"><\/form><\/div>\n<\/div><\/div>\n","protected":false},"excerpt":{"rendered":"<p>\u00c0 QUI S\u2019ADRESSE LE PARCOURS Ce parcours s\u2019adresse \u00e0 vous si : PROBL\u00c8ME La majorit\u00e9 des promotions manag\u00e9riales \u00e9chouent pour [&hellip;]<\/p>\n","protected":false},"author":1,"featured_media":0,"parent":0,"menu_order":3,"comment_status":"closed","ping_status":"closed","template":"","meta":{"site-sidebar-layout":"default","site-content-layout":"","ast-site-content-layout":"default","site-content-style":"default","site-sidebar-style":"default","ast-global-header-display":"","ast-banner-title-visibility":"","ast-main-header-display":"","ast-hfb-above-header-display":"","ast-hfb-below-header-display":"","ast-hfb-mobile-header-display":"","site-post-title":"disabled","ast-breadcrumbs-content":"","ast-featured-img":"","footer-sml-layout":"","theme-transparent-header-meta":"","adv-header-id-meta":"","stick-header-meta":"","header-above-stick-meta":"","header-main-stick-meta":"","header-below-stick-meta":"","astra-migrate-meta-layouts":"default","ast-page-background-enabled":"default","ast-page-background-meta":{"desktop":{"background-color":"var(--ast-global-color-5)","background-image":"","background-repeat":"repeat","background-position":"center center","background-size":"auto","background-attachment":"scroll","background-type":"","background-media":"","overlay-type":"","overlay-color":"","overlay-opacity":"","overlay-gradient":""},"tablet":{"background-color":"","background-image":"","background-repeat":"repeat","background-position":"center center","background-size":"auto","background-attachment":"scroll","background-type":"","background-media":"","overlay-type":"","overlay-color":"","overlay-opacity":"","overlay-gradient":""},"mobile":{"background-color":"","background-image":"","background-repeat":"repeat","background-position":"center center","background-size":"auto","background-attachment":"scroll","background-type":"","background-media":"","overlay-type":"","overlay-color":"","overlay-opacity":"","overlay-gradient":""}},"ast-content-background-meta":{"desktop":{"background-color":"var(--ast-global-color-4)","background-image":"","background-repeat":"repeat","background-position":"center center","background-size":"auto","background-attachment":"scroll","background-type":"","background-media":"","overlay-type":"","overlay-color":"","overlay-opacity":"","overlay-gradient":""},"tablet":{"background-color":"var(--ast-global-color-4)","background-image":"","background-repeat":"repeat","background-position":"center center","background-size":"auto","background-attachment":"scroll","background-type":"","background-media":"","overlay-type":"","overlay-color":"","overlay-opacity":"","overlay-gradient":""},"mobile":{"background-color":"var(--ast-global-color-4)","background-image":"","background-repeat":"repeat","background-position":"center center","background-size":"auto","background-attachment":"scroll","background-type":"","background-media":"","overlay-type":"","overlay-color":"","overlay-opacity":"","overlay-gradient":""}},"_kadence_starter_templates_imported_post":false,"footnotes":""},"class_list":["post-9","page","type-page","status-publish","hentry"],"_links":{"self":[{"href":"https:\/\/alterun.fr\/index.php?rest_route=\/wp\/v2\/pages\/9","targetHints":{"allow":["GET"]}}],"collection":[{"href":"https:\/\/alterun.fr\/index.php?rest_route=\/wp\/v2\/pages"}],"about":[{"href":"https:\/\/alterun.fr\/index.php?rest_route=\/wp\/v2\/types\/page"}],"author":[{"embeddable":true,"href":"https:\/\/alterun.fr\/index.php?rest_route=\/wp\/v2\/users\/1"}],"replies":[{"embeddable":true,"href":"https:\/\/alterun.fr\/index.php?rest_route=%2Fwp%2Fv2%2Fcomments&post=9"}],"version-history":[{"count":15,"href":"https:\/\/alterun.fr\/index.php?rest_route=\/wp\/v2\/pages\/9\/revisions"}],"predecessor-version":[{"id":274,"href":"https:\/\/alterun.fr\/index.php?rest_route=\/wp\/v2\/pages\/9\/revisions\/274"}],"wp:attachment":[{"href":"https:\/\/alterun.fr\/index.php?rest_route=%2Fwp%2Fv2%2Fmedia&parent=9"}],"curies":[{"name":"wp","href":"https:\/\/api.w.org\/{rel}","templated":true}]}}